{"id":472,"date":"2025-01-20T12:46:24","date_gmt":"2025-01-20T11:46:24","guid":{"rendered":"https:\/\/alchemie-spain.com\/qui-som\/"},"modified":"2025-02-07T13:04:59","modified_gmt":"2025-02-07T12:04:59","slug":"qui-som","status":"publish","type":"page","link":"https:\/\/alchemie-spain.com\/ca\/qui-som\/","title":{"rendered":"Qui som"},"content":{"rendered":"\t\t<div data-elementor-type=\"wp-page\" data-elementor-id=\"472\" class=\"elementor elementor-472 elementor-114\" data-elementor-post-type=\"page\">\n\t\t\t\t<div class=\"elementor-element elementor-element-5b4fbf45 e-con-full e-flex e-con e-parent\" data-id=\"5b4fbf45\" data-element_type=\"container\" data-e-type=\"container\" data-settings=\"{&quot;background_background&quot;:&quot;classic&quot;}\">\n\t\t<div class=\"elementor-element elementor-element-141fcc99 e-con-full animated-fast e-flex elementor-invisible e-con e-child\" data-id=\"141fcc99\" data-element_type=\"container\" data-e-type=\"container\" data-settings=\"{&quot;background_background&quot;:&quot;classic&quot;,&quot;animation&quot;:&quot;fadeInLeft&quot;}\">\n\t\t\t\t<div class=\"elementor-element elementor-element-391745cf animated-fast elementor-invisible elementor-widget elementor-widget-heading\" data-id=\"391745cf\" data-element_type=\"widget\" data-e-type=\"widget\" data-settings=\"{&quot;_animation&quot;:&quot;fadeInLeft&quot;,&quot;_animation_delay&quot;:120}\" data-widget_type=\"heading.default\">\n\t\t\t\t<div class=\"elementor-widget-container\">\n\t\t\t\t\t<h1 class=\"elementor-heading-title elementor-size-default\">Qui som<\/h1>\t\t\t\t<\/div>\n\t\t\t\t<\/div>\n\t\t\t\t<div class=\"elementor-element elementor-element-2ee23909 elementor-widget-divider--view-line elementor-invisible elementor-widget elementor-widget-divider\" data-id=\"2ee23909\" data-element_type=\"widget\" data-e-type=\"widget\" data-settings=\"{&quot;_animation&quot;:&quot;fadeInLeft&quot;,&quot;_animation_delay&quot;:200}\" data-widget_type=\"divider.default\">\n\t\t\t\t<div class=\"elementor-widget-container\">\n\t\t\t\t\t\t\t<div class=\"elementor-divider\">\n\t\t\t<span class=\"elementor-divider-separator\">\n\t\t\t\t\t\t<\/span>\n\t\t<\/div>\n\t\t\t\t\t\t<\/div>\n\t\t\t\t<\/div>\n\t\t\t\t<\/div>\n\t\t\t\t<\/div>\n\t\t<div class=\"elementor-element elementor-element-5180d786 e-flex e-con-boxed e-con e-parent\" data-id=\"5180d786\" data-element_type=\"container\" data-e-type=\"container\">\n\t\t\t\t\t<div class=\"e-con-inner\">\n\t\t<div class=\"elementor-element elementor-element-1f002371 e-con-full e-flex e-con e-child\" data-id=\"1f002371\" data-element_type=\"container\" data-e-type=\"container\">\n\t\t<div class=\"elementor-element elementor-element-769f358 e-con-full e-flex e-con e-child\" data-id=\"769f358\" data-element_type=\"container\" data-e-type=\"container\">\n\t\t\t\t<div class=\"elementor-element elementor-element-15f3716a elementor-widget elementor-widget-heading\" data-id=\"15f3716a\" data-element_type=\"widget\" data-e-type=\"widget\" data-widget_type=\"heading.default\">\n\t\t\t\t<div class=\"elementor-widget-container\">\n\t\t\t\t\t<p class=\"elementor-heading-title elementor-size-default\">Sobre nosaltres<\/p>\t\t\t\t<\/div>\n\t\t\t\t<\/div>\n\t\t\t\t<div class=\"elementor-element elementor-element-6b51633 elementor-widget-divider--view-line elementor-widget elementor-widget-divider\" data-id=\"6b51633\" data-element_type=\"widget\" data-e-type=\"widget\" data-widget_type=\"divider.default\">\n\t\t\t\t<div class=\"elementor-widget-container\">\n\t\t\t\t\t\t\t<div class=\"elementor-divider\">\n\t\t\t<span class=\"elementor-divider-separator\">\n\t\t\t\t\t\t<\/span>\n\t\t<\/div>\n\t\t\t\t\t\t<\/div>\n\t\t\t\t<\/div>\n\t\t\t\t<\/div>\n\t\t\t\t<div class=\"elementor-element elementor-element-79395349 elementor-widget-mobile__width-inherit elementor-widget elementor-widget-text-editor\" data-id=\"79395349\" data-element_type=\"widget\" data-e-type=\"widget\" data-widget_type=\"text-editor.default\">\n\t\t\t\t<div class=\"elementor-widget-container\">\n\t\t\t\t\t\t\t\t\t<p>A <strong>ALCHEMIE INDUSTRIES CHEMICALS SPAIN, SL,<\/strong> som Representants Exclusius (OR \u2013 Only Representative) que, en la seva definici\u00f3, \u00e9s aquella persona f\u00edsica o jur\u00eddica establerta dins de l&#8217;EEE que ha estat designada per una altra empresa establerta fora de l&#8217;EEE com a representant exclusiu a efectes de REACH, per tal de complir amb els requisits que s&#8217;estableixen per als importadors.<\/p>\n\t\t\t\t\t\t\t\t<\/div>\n\t\t\t\t<\/div>\n\t\t\t\t<div class=\"elementor-element elementor-element-1b75d6d3 elementor-widget-mobile__width-inherit elementor-widget elementor-widget-text-editor\" data-id=\"1b75d6d3\" data-element_type=\"widget\" data-e-type=\"widget\" data-widget_type=\"text-editor.default\">\n\t\t\t\t<div class=\"elementor-widget-container\">\n\t\t\t\t\t\t\t\t\t<p>Cal puntualitzar que un Representant Exclusiu (OR) NO pot representar distribu\u00efdors que estiguin fora de l&#8217;espai comunitari i <strong>nom\u00e9s pot representar fabricants de subst\u00e0ncies, formuladors de barreges o productors d&#8217;articles<\/strong> , encara que s\u00ed que pot representar m\u00e9s d&#8217;un prove\u00efdor no comunitari.<\/p>\n\t\t\t\t\t\t\t\t<\/div>\n\t\t\t\t<\/div>\n\t\t\t\t<div class=\"elementor-element elementor-element-e579873 elementor-widget-mobile__width-inherit elementor-widget elementor-widget-text-editor\" data-id=\"e579873\" data-element_type=\"widget\" data-e-type=\"widget\" data-widget_type=\"text-editor.default\">\n\t\t\t\t<div class=\"elementor-widget-container\">\n\t\t\t\t\t\t\t\t\t<p>En aquest cas, ha de mantenir per separat la informaci\u00f3 relativa a cadascun. Per tant, l&#8217;empresa no pertanyent a l&#8217;EEE ha d&#8217;informar l&#8217;importador de la mateixa cadena de subministrament sobre la seva designaci\u00f3 com a Representant Exclusiu (OR). Aquest passar\u00e0 a considerar-se usuari intermedi d&#8217;acord amb el Reglament REACH.<\/p>\n\t\t\t\t\t\t\t\t<\/div>\n\t\t\t\t<\/div>\n\t\t\t\t<div class=\"elementor-element elementor-element-5edb284 elementor-widget-mobile__width-inherit elementor-widget elementor-widget-text-editor\" data-id=\"5edb284\" data-element_type=\"widget\" data-e-type=\"widget\" data-widget_type=\"text-editor.default\">\n\t\t\t\t<div class=\"elementor-widget-container\">\n\t\t\t\t\t\t\t\t\t<p>Per complir les seves obligacions, un Representant Exclusiu (OR) ha de:<\/p>\n\t\t\t\t\t\t\t\t<\/div>\n\t\t\t\t<\/div>\n\t\t\t\t<div class=\"elementor-element elementor-element-abd323f elementor-align-start elementor-icon-list--layout-traditional elementor-list-item-link-full_width elementor-widget elementor-widget-icon-list\" data-id=\"abd323f\" data-element_type=\"widget\" data-e-type=\"widget\" data-widget_type=\"icon-list.default\">\n\t\t\t\t<div class=\"elementor-widget-container\">\n\t\t\t\t\t\t\t<ul class=\"elementor-icon-list-items\">\n\t\t\t\t\t\t\t<li class=\"elementor-icon-list-item\">\n\t\t\t\t\t\t\t\t\t\t\t<span class=\"elementor-icon-list-icon\">\n\t\t\t\t\t\t\t<svg aria-hidden=\"true\" class=\"e-font-icon-svg e-fas-circle\" viewBox=\"0 0 512 512\" xmlns=\"http:\/\/www.w3.org\/2000\/svg\"><path d=\"M256 8C119 8 8 119 8 256s111 248 248 248 248-111 248-248S393 8 256 8z\"><\/path><\/svg>\t\t\t\t\t\t<\/span>\n\t\t\t\t\t\t\t\t\t\t<span class=\"elementor-icon-list-text\">Ser designat de mutu acord amb el fabricant, formulador o productor de larticle de fora de lEEEE.<\/span>\n\t\t\t\t\t\t\t\t\t<\/li>\n\t\t\t\t\t\t\t\t<li class=\"elementor-icon-list-item\">\n\t\t\t\t\t\t\t\t\t\t\t<span class=\"elementor-icon-list-icon\">\n\t\t\t\t\t\t\t<svg aria-hidden=\"true\" class=\"e-font-icon-svg e-fas-circle\" viewBox=\"0 0 512 512\" xmlns=\"http:\/\/www.w3.org\/2000\/svg\"><path d=\"M256 8C119 8 8 119 8 256s111 248 248 248 248-111 248-248S393 8 256 8z\"><\/path><\/svg>\t\t\t\t\t\t<\/span>\n\t\t\t\t\t\t\t\t\t\t<span class=\"elementor-icon-list-text\">Preparar i mantenir un inventari actualitzat de les quantitats importades (tonelatge). Que facilitar\u00e0 a les autoritats responsables del compliment, pr\u00e8via sol\u00b7licitud.<\/span>\n\t\t\t\t\t\t\t\t\t<\/li>\n\t\t\t\t\t\t\t\t<li class=\"elementor-icon-list-item\">\n\t\t\t\t\t\t\t\t\t\t\t<span class=\"elementor-icon-list-icon\">\n\t\t\t\t\t\t\t<svg aria-hidden=\"true\" class=\"e-font-icon-svg e-fas-circle\" viewBox=\"0 0 512 512\" xmlns=\"http:\/\/www.w3.org\/2000\/svg\"><path d=\"M256 8C119 8 8 119 8 256s111 248 248 248 248-111 248-248S393 8 256 8z\"><\/path><\/svg>\t\t\t\t\t\t<\/span>\n\t\t\t\t\t\t\t\t\t\t<span class=\"elementor-icon-list-text\">Mantenir disponibles i actualitzades les informacions relatives a classificacions de subst\u00e0ncies, client\u2026 Per mantenir registre de les fitxes de dades de seguretat.<\/span>\n\t\t\t\t\t\t\t\t\t<\/li>\n\t\t\t\t\t\t\t\t<li class=\"elementor-icon-list-item\">\n\t\t\t\t\t\t\t\t\t\t\t<span class=\"elementor-icon-list-icon\">\n\t\t\t\t\t\t\t<svg aria-hidden=\"true\" class=\"e-font-icon-svg e-fas-circle\" viewBox=\"0 0 512 512\" xmlns=\"http:\/\/www.w3.org\/2000\/svg\"><path d=\"M256 8C119 8 8 119 8 256s111 248 248 248 248-111 248-248S393 8 256 8z\"><\/path><\/svg>\t\t\t\t\t\t<\/span>\n\t\t\t\t\t\t\t\t\t\t<span class=\"elementor-icon-list-text\">Adoptar mesures per a subst\u00e0ncies extremadament preocupants. Informar l'empresa no pertanyent a l'EEE sobre les conseq\u00fc\u00e8ncies que aix\u00f2 t\u00e9 pel producte.<\/span>\n\t\t\t\t\t\t\t\t\t<\/li>\n\t\t\t\t\t\t\t\t<li class=\"elementor-icon-list-item\">\n\t\t\t\t\t\t\t\t\t\t\t<span class=\"elementor-icon-list-icon\">\n\t\t\t\t\t\t\t<svg aria-hidden=\"true\" class=\"e-font-icon-svg e-fas-circle\" viewBox=\"0 0 512 512\" xmlns=\"http:\/\/www.w3.org\/2000\/svg\"><path d=\"M256 8C119 8 8 119 8 256s111 248 248 248 248-111 248-248S393 8 256 8z\"><\/path><\/svg>\t\t\t\t\t\t<\/span>\n\t\t\t\t\t\t\t\t\t\t<span class=\"elementor-icon-list-text\">Preparar i procedir al registre de subst\u00e0ncies o de les subst\u00e0ncies contingudes a les barreges en quantitats iguals o superiors a 1t\/any. Notificacions i preregistre, necessaris per complir amb la legislaci\u00f3 vigent.<\/span>\n\t\t\t\t\t\t\t\t\t<\/li>\n\t\t\t\t\t\t\t\t<li class=\"elementor-icon-list-item\">\n\t\t\t\t\t\t\t\t\t\t\t<span class=\"elementor-icon-list-icon\">\n\t\t\t\t\t\t\t<svg aria-hidden=\"true\" class=\"e-font-icon-svg e-fas-circle\" viewBox=\"0 0 512 512\" xmlns=\"http:\/\/www.w3.org\/2000\/svg\"><path d=\"M256 8C119 8 8 119 8 256s111 248 248 248 248-111 248-248S393 8 256 8z\"><\/path><\/svg>\t\t\t\t\t\t<\/span>\n\t\t\t\t\t\t\t\t\t\t<span class=\"elementor-icon-list-text\">Informar lempresa que representa sobre qualsevol autoritzaci\u00f3 o restricci\u00f3 nova i les conseq\u00fc\u00e8ncies per al seu producte.<\/span>\n\t\t\t\t\t\t\t\t\t<\/li>\n\t\t\t\t\t\t<\/ul>\n\t\t\t\t\t\t<\/div>\n\t\t\t\t<\/div>\n\t\t\t\t<div class=\"elementor-element elementor-element-ddf4559 elementor-widget-mobile__width-inherit elementor-widget elementor-widget-text-editor\" data-id=\"ddf4559\" data-element_type=\"widget\" data-e-type=\"widget\" data-widget_type=\"text-editor.default\">\n\t\t\t\t<div class=\"elementor-widget-container\">\n\t\t\t\t\t\t\t\t\t<p>Arran de l&#8217;entrada en vigor de la norma REACH, va n\u00e9ixer l&#8217;acord entre les empreses seg\u00fcents per crear ALCHEMIE INDUSTRIES CHEMICALS SPAIN, SL, OR encarregada de gestionar el sistema de registres REACH per a totes les seves importacions dins de la Uni\u00f3 Europea:<\/p>\n\t\t\t\t\t\t\t\t<\/div>\n\t\t\t\t<\/div>\n\t\t<div class=\"elementor-element elementor-element-97367b6 e-con-full e-grid e-con e-child\" data-id=\"97367b6\" data-element_type=\"container\" data-e-type=\"container\">\n\t\t\t\t<div class=\"elementor-element elementor-element-b6ba5b6 elementor-widget elementor-widget-image\" data-id=\"b6ba5b6\" data-element_type=\"widget\" data-e-type=\"widget\" data-widget_type=\"image.default\">\n\t\t\t\t<div class=\"elementor-widget-container\">\n\t\t\t\t\t\t\t\t\t\t\t\t\t\t\t<img fetchpriority=\"high\" decoding=\"async\" width=\"360\" height=\"140\" src=\"https:\/\/alchemie-spain.com\/wp-content\/uploads\/2025\/01\/logo-aarti.jpg\" class=\"attachment-large size-large wp-image-442\" alt=\"\" srcset=\"https:\/\/alchemie-spain.com\/wp-content\/uploads\/2025\/01\/logo-aarti.jpg 360w, https:\/\/alchemie-spain.com\/wp-content\/uploads\/2025\/01\/logo-aarti-300x117.jpg 300w\" sizes=\"(max-width: 360px) 100vw, 360px\" \/>\t\t\t\t\t\t\t\t\t\t\t\t\t\t\t<\/div>\n\t\t\t\t<\/div>\n\t\t\t\t<div class=\"elementor-element elementor-element-752260d elementor-widget elementor-widget-image\" data-id=\"752260d\" data-element_type=\"widget\" data-e-type=\"widget\" data-widget_type=\"image.default\">\n\t\t\t\t<div class=\"elementor-widget-container\">\n\t\t\t\t\t\t\t\t\t\t\t\t\t\t\t<img decoding=\"async\" width=\"366\" height=\"138\" src=\"https:\/\/alchemie-spain.com\/wp-content\/uploads\/2025\/01\/logo-aarti-industries.png\" class=\"attachment-large size-large wp-image-440\" alt=\"\" srcset=\"https:\/\/alchemie-spain.com\/wp-content\/uploads\/2025\/01\/logo-aarti-industries.png 366w, https:\/\/alchemie-spain.com\/wp-content\/uploads\/2025\/01\/logo-aarti-industries-300x113.png 300w\" sizes=\"(max-width: 366px) 100vw, 366px\" \/>\t\t\t\t\t\t\t\t\t\t\t\t\t\t\t<\/div>\n\t\t\t\t<\/div>\n\t\t\t\t<div class=\"elementor-element elementor-element-a1fff5a elementor-widget elementor-widget-image\" data-id=\"a1fff5a\" data-element_type=\"widget\" data-e-type=\"widget\" data-widget_type=\"image.default\">\n\t\t\t\t<div class=\"elementor-widget-container\">\n\t\t\t\t\t\t\t\t\t\t\t\t\t\t\t<img decoding=\"async\" width=\"249\" height=\"95\" src=\"https:\/\/alchemie-spain.com\/wp-content\/uploads\/2025\/01\/logo-valiant.png\" class=\"attachment-large size-large wp-image-438\" alt=\"\" \/>\t\t\t\t\t\t\t\t\t\t\t\t\t\t\t<\/div>\n\t\t\t\t<\/div>\n\t\t\t\t<div class=\"elementor-element elementor-element-b298131 elementor-widget elementor-widget-image\" data-id=\"b298131\" data-element_type=\"widget\" data-e-type=\"widget\" data-widget_type=\"image.default\">\n\t\t\t\t<div class=\"elementor-widget-container\">\n\t\t\t\t\t\t\t\t\t\t\t\t\t\t\t<img loading=\"lazy\" decoding=\"async\" width=\"460\" height=\"109\" src=\"https:\/\/alchemie-spain.com\/wp-content\/uploads\/2025\/01\/logo-finechem.png\" class=\"attachment-large size-large wp-image-444\" alt=\"\" srcset=\"https:\/\/alchemie-spain.com\/wp-content\/uploads\/2025\/01\/logo-finechem.png 460w, https:\/\/alchemie-spain.com\/wp-content\/uploads\/2025\/01\/logo-finechem-300x71.png 300w\" sizes=\"(max-width: 460px) 100vw, 460px\" \/>\t\t\t\t\t\t\t\t\t\t\t\t\t\t\t<\/div>\n\t\t\t\t<\/div>\n\t\t\t\t<div class=\"elementor-element elementor-element-ef49efc elementor-widget elementor-widget-image\" data-id=\"ef49efc\" data-element_type=\"widget\" data-e-type=\"widget\" data-widget_type=\"image.default\">\n\t\t\t\t<div class=\"elementor-widget-container\">\n\t\t\t\t\t\t\t\t\t\t\t\t\t\t\t<img loading=\"lazy\" decoding=\"async\" width=\"250\" height=\"65\" src=\"https:\/\/alchemie-spain.com\/wp-content\/uploads\/2025\/01\/logo-ganesh.png\" class=\"attachment-large size-large wp-image-446\" alt=\"\" \/>\t\t\t\t\t\t\t\t\t\t\t\t\t\t\t<\/div>\n\t\t\t\t<\/div>\n\t\t\t\t<\/div>\n\t\t\t\t<\/div>\n\t\t\t\t\t<\/div>\n\t\t\t\t<\/div>\n\t\t\t\t<\/div>\n\t\t","protected":false},"excerpt":{"rendered":"<p>Qui som Sobre nosaltres A ALCHEMIE INDUSTRIES CHEMICALS SPAIN, SL, som Representants Exclusius (OR \u2013 Only Representative) que, en la seva definici\u00f3, \u00e9s aquella persona f\u00edsica o jur\u00eddica establerta dins de l&#8217;EEE que ha estat designada per una altra empresa establerta fora de l&#8217;EEE com a representant exclusiu a efectes de REACH, per tal de [&hellip;]<\/p>\n","protected":false},"author":1,"featured_media":0,"parent":0,"menu_order":0,"comment_status":"closed","ping_status":"closed","template":"elementor_header_footer","meta":{"footnotes":""},"class_list":["post-472","page","type-page","status-publish","hentry"],"_links":{"self":[{"href":"https:\/\/alchemie-spain.com\/ca\/wp-json\/wp\/v2\/pages\/472","targetHints":{"allow":["GET"]}}],"collection":[{"href":"https:\/\/alchemie-spain.com\/ca\/wp-json\/wp\/v2\/pages"}],"about":[{"href":"https:\/\/alchemie-spain.com\/ca\/wp-json\/wp\/v2\/types\/page"}],"author":[{"embeddable":true,"href":"https:\/\/alchemie-spain.com\/ca\/wp-json\/wp\/v2\/users\/1"}],"replies":[{"embeddable":true,"href":"https:\/\/alchemie-spain.com\/ca\/wp-json\/wp\/v2\/comments?post=472"}],"version-history":[{"count":3,"href":"https:\/\/alchemie-spain.com\/ca\/wp-json\/wp\/v2\/pages\/472\/revisions"}],"predecessor-version":[{"id":511,"href":"https:\/\/alchemie-spain.com\/ca\/wp-json\/wp\/v2\/pages\/472\/revisions\/511"}],"wp:attachment":[{"href":"https:\/\/alchemie-spain.com\/ca\/wp-json\/wp\/v2\/media?parent=472"}],"curies":[{"name":"wp","href":"https:\/\/api.w.org\/{rel}","templated":true}]}}