{"id":135,"date":"2025-01-20T12:46:25","date_gmt":"2025-01-20T11:46:25","guid":{"rendered":"http:\/\/e486835665d5"},"modified":"2025-02-06T14:33:32","modified_gmt":"2025-02-06T13:33:32","slug":"avis-legal","status":"publish","type":"page","link":"https:\/\/alchemie-spain.com\/ca\/avis-legal\/","title":{"rendered":"Av\u00eds Legal"},"content":{"rendered":"\n<p><strong>Introducci\u00f3<\/strong><\/p>\n\n\n\n<p>En compliment de la Llei 34\/2002, de 11 de juliol, de Serveis de la Societat de la Informaci\u00f3 i de Comer\u00e7 Electr\u00f2nic (LSSI-CE), ALCHEMIE INDUSTRIES CHEMICAL SPAIN, SL informa que \u00e9s titular del lloc web. D&#8217;acord amb l&#8217;exig\u00e8ncia de l&#8217;article 10 de la Llei esmentada, ALCHEMIE INDUSTRIES CHEMICAL SPAIN, SL informa de les dades seg\u00fcents:<\/p>\n\n\n\n<figure class=\"wp-block-table\"><table class=\"has-fixed-layout\"><tbody><tr><td>RA\u00d3 SOCIAL<\/td><td>ALCHEMIE INDUSTRIES CHEMICAL SPAIN, SL<\/td><\/tr><tr><td>NIF<\/td><td>&nbsp;B61784658<\/td><\/tr><tr><td>DOMINI<\/td><td>alchemie-spain.com<\/td><\/tr><tr><td>ADRE\u00c7A POSTAL<\/td><td>C\/ ATLANTIDA 21 1a 3a, 08930 SANT ADRI\u00c0 DE BES\u00d3S (BARCELONA)<\/td><\/tr><tr><td>DIRECCI\u00d3 ELECTR\u00d2NICA<\/td><td><a href=\"mailto:CALIDAD@BILTREC.COM\">QUALITAT@BILTREC.COM<\/a> <\/td><\/tr><tr><td>TEL\u00c8FONS<\/td><td>934622910<\/td><\/tr><tr><td>REGISTRE\/ DADES ADDICIONALS  <\/td><td>Tom: 6172<br> Foli: 38<br> Full: 73060<\/td><\/tr><\/tbody><\/table><\/figure>\n\n\n\n<p><strong>Usuari i r\u00e8gim de responsabilitats<\/strong><\/p>\n\n\n\n<p>La navegaci\u00f3, l&#8217;acc\u00e9s i l&#8217;\u00fas pel lloc web d&#8217;ALCHEMIE INDUSTRIES CHEMICAL SPAIN, SL confereix la condici\u00f3 d&#8217;usuari.<\/p>\n\n\n\n<p>El lloc web d&#8217;ALCHEMIE INDUSTRIES CHEMICAL SPAIN, SL proporciona una gran diversitat d&#8217;informaci\u00f3, serveis i dades. L&#8217;usuari assumeix la responsabilitat en l&#8217;\u00fas correcte del lloc web. Aquesta responsabilitat s&#8217;estendr\u00e0 a:<\/p>\n\n\n\n<ul class=\"wp-block-list\">\n<li>La veracitat i licitud de les informacions aportades per l&#8217;usuari als formularis estesos per ALCHEMIE INDUSTRIES CHEMICAL SPAIN, SL per a l&#8217;acc\u00e9s a certs continguts o serveis oferts pel web.<\/li>\n\n\n\n<li>L&#8217;\u00fas de la informaci\u00f3, serveis i dades ofertes per ALCHEMIE INDUSTRIES CHEMICAL SPAIN, SL contr\u00e0riament al que disposen aquestes condicions, la Llei, la moral, els bons costums o l&#8217;ordre p\u00fablic, o que de qualsevol altra manera puguin suposar lesi\u00f3 dels drets de tercers o del mateix funcionament del lloc web.<\/li>\n<\/ul>\n\n\n\n<p><strong>Pol\u00edtica d&#8217;enlla\u00e7os i exempcions de responsabilitat<\/strong><\/p>\n\n\n\n<p>ALCHEMIE INDUSTRIES CHEMICAL SPAIN, SL no es fa responsable del contingut dels llocs web als quals l&#8217;usuari pugui accedir a trav\u00e9s dels enlla\u00e7os establerts al seu lloc web, sempre que no tingui coneixement efectiu que l&#8217;activitat o la informaci\u00f3 a qu\u00e8 remet o recomana \u00e9s il\u00b7l\u00edcita o que lesiona b\u00e9ns o drets d&#8217;un tercer susceptibles d&#8217;indemnitzaci\u00f3, o, en cas de tenir-ne, actu\u00ef amb dilig\u00e8ncia per suprimir o inutilitzar l&#8217;enlla\u00e7 corresponent.<\/p>\n\n\n\n<p>S&#8217;entendr\u00e0 que ALCHEMIE INDUSTRIES CHEMICAL SPAIN, SL t\u00e9 el coneixement efectiu a qu\u00e8 es refereix el par\u00e0graf anterior quan un \u00f2rgan competent hagi declarat la il\u00b7licitud de les dades, ordenat la seva retirada o que se n&#8217;impossibiliti l&#8217;acc\u00e9s, o s&#8217;hagu\u00e9s declarat l&#8217;exist\u00e8ncia de la lesi\u00f3, i ALCHEMIE INDUSTRIES CHEMICAL SPAIN, SL conegu\u00e9s la corresponent resoluci\u00f3, sense perjudici dels procediments de detecci\u00f3 i retirada de continguts que ALCHEMIE INDUSTRIES CHEMICAL SPAIN, SL apliqui en virtut d&#8217;acords voluntaris i altres mitjans de coneixement efectiu que es puguin establir.<\/p>\n\n\n\n<p>ALCHEMIE INDUSTRIES CHEMICAL SPAIN, SL declara haver adoptat totes les mesures necess\u00e0ries per evitar qualsevol dany als usuaris del seu lloc web, que es puguin derivar de la navegaci\u00f3 pel seu lloc web. En conseq\u00fc\u00e8ncia, ALCHEMIE INDUSTRIES CHEMICAL SPAIN, SL no es fa responsable, en cap cas, dels danys eventuals que per la navegaci\u00f3 per Internet pogu\u00e9s patir l&#8217;usuari. Aix\u00ed mateix, tampoc garantir\u00e0 la disponibilitat t\u00e8cnica, exactitud, veracitat, validesa o legalitat de llocs aliens a la seva propietat a qu\u00e8 es pugui accedir per mitj\u00e0 dels enlla\u00e7os.<\/p>\n\n\n\n<p><strong>Modificacions<\/strong><\/p>\n\n\n\n<p>ALCHEMIE INDUSTRIES CHEMICAL SPAIN, SL es reserva la facultat d&#8217;efectuar, en qualsevol moment i sense necessitat de previ av\u00eds, modificacions i actualitzacions de la informaci\u00f3 continguda al vostre lloc web oa la configuraci\u00f3 i presentaci\u00f3 d&#8217;aquesta. A fi de mantenir actualitzada la informaci\u00f3 publicada, els continguts del mateix podran ser modificats, corregits, eliminats o afegits en qualsevol moment, per qualsevol forma admissible en dret.<\/p>\n\n\n\n<p><strong>Indicaci\u00f3 de preus<\/strong><\/p>\n\n\n\n<p>En cas que es mostrin preus de productes i\/o serveis, els indicats a la pantalla seran els vigents en cada moment. Els preus seran indicats en euros i tindran incorporat l&#8217;impost sobre el valor afegit (IVA). En cas que l&#8217;IVA no s&#8217;incorpori al preu, s&#8217;indicar\u00e0 de manera expressa i es permetr\u00e0 a l&#8217;usuari visualitzar el preu final complet.    <\/p>\n\n\n\n<p>Aix\u00ed mateix, si fos aplicable qualsevol altre impost, aix\u00ed s&#8217;indicaria, incloent-hi, si escau, l&#8217;import dels increments o descomptes que siguin aplicables a l&#8217;oferta i les despeses addicionals que puguin repercutir al consumidor o usuari.  <\/p>\n\n\n\n<p><strong>Propietat intel\u00b7lectual i industrial<\/strong><\/p>\n\n\n\n<p>ALCHEMIE INDUSTRIES CHEMICAL SPAIN, SL per si mateixa o com a cession\u00e0ria, \u00e9s titular de tots els drets de propietat intel\u00b7lectual i industrial de la seva p\u00e0gina web, aix\u00ed com dels elements continguts a la mateixa (a t\u00edtol enunciatiu, imatges, so, \u00e0udio, v\u00eddeo, programari o textos; marques o logotips, combinacions de colors, estructura i disseny, selecci\u00f3 de materials usats, programes d&#8217;ordinador necessaris per al seu funcionament, acc\u00e9s i \u00fas, etc.), titularitat de BILTREC SA. Seran, per tant, obres protegides com a propietat intel\u00b7lectual per l&#8217;ordenament jur\u00eddic espanyol, i els seran aplicables tant la normativa espanyola i comunit\u00e0ria en aquest camp, com els tractats internacionals relatius a la mat\u00e8ria i subscrits per Espanya.<\/p>\n\n\n\n<p>Tots els drets reservats. En virtut del que disposa la Llei de propietat intel\u00b7lectual, queden expressament prohibides la reproducci\u00f3, la distribuci\u00f3 i la comunicaci\u00f3 p\u00fablica, inclosa la seva modalitat de posada a disposici\u00f3, de la totalitat o part dels continguts d&#8217;aquesta p\u00e0gina web, amb fins comercials, a qualsevol suport i per qualsevol mitj\u00e0 t\u00e8cnic, sense l&#8217;autoritzaci\u00f3 d&#8217;ALCHEMIE INDUSTRIES CHEMICAL SPAIN, SL.<\/p>\n\n\n\n<p>L&#8217;usuari es compromet a respectar els drets de propietat intel\u00b7lectual i industrial titularitat d&#8217;ALCHEMIE INDUSTRIES CHEMICAL SPAIN, SL. Podreu visualitzar els elements del portal i fins i tot imprimir-los, copiar-los i emmagatzemar-los al disc dur del vostre ordinador o en qualsevol altre suport f\u00edsic sempre que sigui, \u00fanica i exclusivament, per al seu \u00fas personal i privat. L&#8217;usuari haur\u00e0 d&#8217;abstenir-se de suprimir, alterar, eludir o manipular qualsevol dispositiu de protecci\u00f3 o sistema de seguretat que estigu\u00e9s instal\u00b7lat a les p\u00e0gines d&#8217;ALCHEMIE INDUSTRIES CHEMICAL SPAIN, SL.<\/p>\n\n\n\n<p><strong>Certificat SSL (secure sockets layer)<\/strong><\/p>\n\n\n\n<p>El CERTIFICAT SSL proporciona autenticaci\u00f3, privadesa i seguretat de la informaci\u00f3 entre ALCHEMIE INDUSTRIES CHEMICAL SPAIN, SL i l&#8217;usuari. ALCHEMIE INDUSTRIES CHEMICAL SPAIN, SL disposa d&#8217;un certificat de seguretat que utilitza CERTIFICAT SSL per realitzar connexions segures.<\/p>\n\n\n\n<p>En aquest proc\u00e9s s&#8217;estableixen diversos par\u00e0metres per realitzar la connexi\u00f3 de manera segura i s&#8217;estableix usant claus preestablertes, codificant i descodificant totes les dades enviades fins que la connexi\u00f3 sigui tancada.  <\/p>\n\n\n\n<p><strong>Accions legals, legislaci\u00f3 aplicable i jurisdicci\u00f3<\/strong><\/p>\n\n\n\n<p>Si l&#8217;usuari vol presentar una reclamaci\u00f3, haur\u00e0 de contactar amb el correu electr\u00f2nic <a href=\"mailto:CALIDAD@BILTREC.COM\">CALIDAD@BILTREC.COM<\/a> . Aix\u00ed mateix, BILTREC SA disposa de fulls oficials de reclamaci\u00f3 a disposici\u00f3 dels consumidors i usuaris.  <\/p>\n\n\n\n<p>ALCHEMIE INDUSTRIES CHEMICAL SPAIN, SL es reserva la facultat de presentar les accions civils o penals que consideri oportunes per la utilitzaci\u00f3 indeguda del lloc web i continguts, o per l&#8217;incompliment de les presents condicions.<\/p>\n\n\n\n<p>La relaci\u00f3 entre l&#8217;usuari i el prestador es regir\u00e0 per la normativa vigent i aplicable al territori espanyol. Si sorgeix qualsevol controv\u00e8rsia, les parts poden sotmetre els seus conflictes a arbitratge o acudir a la jurisdicci\u00f3 ordin\u00e0ria complint amb les normes sobre jurisdicci\u00f3 i compet\u00e8ncia sobre aix\u00f2.  <\/p>\n\n\n\n<p><strong>Darrera actualitzaci\u00f3:<\/strong> 28 de gener de 2025<\/p>\n\n\n\n<div style=\"height:100px\" aria-hidden=\"true\" class=\"wp-block-spacer\"><\/div>\n","protected":false},"excerpt":{"rendered":"<p>Introducci\u00f3 En compliment de la Llei 34\/2002, de 11 de juliol, de Serveis de la Societat de la Informaci\u00f3 i de Comer\u00e7 Electr\u00f2nic (LSSI-CE), ALCHEMIE INDUSTRIES CHEMICAL SPAIN, SL informa que \u00e9s titular del lloc web. D&#8217;acord amb l&#8217;exig\u00e8ncia de l&#8217;article 10 de la Llei esmentada, ALCHEMIE INDUSTRIES CHEMICAL SPAIN, SL informa de les dades [&hellip;]<\/p>\n","protected":false},"author":1,"featured_media":0,"parent":0,"menu_order":0,"comment_status":"closed","ping_status":"closed","template":"","meta":{"footnotes":""},"class_list":["post-135","page","type-page","status-publish","hentry"],"_links":{"self":[{"href":"https:\/\/alchemie-spain.com\/ca\/wp-json\/wp\/v2\/pages\/135","targetHints":{"allow":["GET"]}}],"collection":[{"href":"https:\/\/alchemie-spain.com\/ca\/wp-json\/wp\/v2\/pages"}],"about":[{"href":"https:\/\/alchemie-spain.com\/ca\/wp-json\/wp\/v2\/types\/page"}],"author":[{"embeddable":true,"href":"https:\/\/alchemie-spain.com\/ca\/wp-json\/wp\/v2\/users\/1"}],"replies":[{"embeddable":true,"href":"https:\/\/alchemie-spain.com\/ca\/wp-json\/wp\/v2\/comments?post=135"}],"version-history":[{"count":3,"href":"https:\/\/alchemie-spain.com\/ca\/wp-json\/wp\/v2\/pages\/135\/revisions"}],"predecessor-version":[{"id":406,"href":"https:\/\/alchemie-spain.com\/ca\/wp-json\/wp\/v2\/pages\/135\/revisions\/406"}],"wp:attachment":[{"href":"https:\/\/alchemie-spain.com\/ca\/wp-json\/wp\/v2\/media?parent=135"}],"curies":[{"name":"wp","href":"https:\/\/api.w.org\/{rel}","templated":true}]}}