{"id":134,"date":"2025-01-20T12:46:25","date_gmt":"2025-01-20T11:46:25","guid":{"rendered":"http:\/\/e486835665d5"},"modified":"2025-02-06T14:30:33","modified_gmt":"2025-02-06T13:30:33","slug":"declaracio-daccessibilitat","status":"publish","type":"page","link":"https:\/\/alchemie-spain.com\/ca\/declaracio-daccessibilitat\/","title":{"rendered":"Declaraci\u00f3 d&#8217;accessibilitat"},"content":{"rendered":"\n<div style=\"height:20px\" aria-hidden=\"true\" class=\"wp-block-spacer\"><\/div>\n\n\n\n<p><strong>COMposici\u00f3<\/strong> s&#8217;ha comprom\u00e8s a fer accessible el vostre lloc web, de conformitat amb el <a href=\"https:\/\/www.boe.es\/diario_boe\/txt.php?id=BOE-A-2018-12699\" target=\"_blank\" rel=\"noreferrer noopener\">Reial Decret 1112\/2018, de 7 de setembre, sobre accessibilitat dels llocs web i aplicacions per a dispositius m\u00f2bils del sector p\u00fablic.<\/a><br> Aquesta declaraci\u00f3 d&#8217;accessibilitat s&#8217;aplica al lloc web <strong>alchemie-spain.com<\/strong><\/p>\n\n\n\n<p>Situaci\u00f3 de compliment<\/p>\n\n\n\n<p>Aquest lloc web \u00e9s parcialment conforme amb el RD 1112\/2018, a causa de les excepcions i la manca de conformitat dels aspectes que s&#8217;indiquen a continuaci\u00f3.<\/p>\n\n\n\n<h1 class=\"wp-block-heading\">Contingut no accessible<\/h1>\n\n\n\n<p>El contingut que es recull a continuaci\u00f3 no \u00e9s accessible pel seg\u00fcent:<\/p>\n\n\n\n<ol start=\"1\" class=\"wp-block-list\">\n<li><strong>Manca de conformitat amb<\/strong> :<\/li>\n<\/ol>\n\n\n\n<p><strong>UNEIX 9.1.4.3 Contrast m\u00ednim<\/strong> . La presentaci\u00f3 visual de text i imatges de text t\u00e9 una relaci\u00f3 de contrast d&#8217;almenys 4,5:1 <\/p>\n\n\n\n<p><strong>UNEIX 9.1.4.11 Contrast no textual<\/strong> . La presentaci\u00f3 visual del seg\u00fcent t\u00e9 una relaci\u00f3 de contrast d&#8217;almenys 3:1 pel que fa als colors adjacents: <\/p>\n\n\n\n<ul class=\"wp-block-list\">\n<li><strong>Components de la interf\u00edcie d&#8217;usuari<\/strong> Informaci\u00f3 visual necess\u00e0ria per identificar els components i els estats de la interf\u00edcie d&#8217;usuari, excepte els components inactius o quan l&#8217;agent d&#8217;usuari determini l&#8217;aparen\u00e7a del component i no modificat per l&#8217;autor;<\/li>\n\n\n\n<li><strong>Objectes gr\u00e0fics<\/strong> Parts de gr\u00e0fics necessaris per comprendre el contingut, excepte quan una presentaci\u00f3 particular de gr\u00e0fics \u00e9s essencial per a la informaci\u00f3 que es transmet.<\/li>\n<\/ul>\n\n\n\n<p><strong>UNEIX 9.1.4.12 Espaiat del text<\/strong> . Al contingut implementat usant llenguatges de marcatge que suporten les seg\u00fcents propietats d&#8217;estil de text, no es produeix cap p\u00e8rdua de contingut o funcionalitat en configurar tot el seg\u00fcent i en no canviar cap altra propietat d&#8217;estil: <\/p>\n\n\n\n<p>\u2013 Al\u00e7ada de l\u00ednia (espaiat de l\u00ednia) d&#8217;almenys 1,5 vegades la mida de la font;<\/p>\n\n\n\n<p>\u2013 Espaiant els par\u00e0grafs seg\u00fcents a almenys 2 vegades la mida de la font;<\/p>\n\n\n\n<p>\u2013 Espaiat de lletres (rastreig) a almenys 0.12 vegades la mida de la font;<\/p>\n\n\n\n<p>\u2013 Espai entre paraules d&#8217;almenys 0,16 vegades la mida de la font.<\/p>\n\n\n\n<p><strong>UNEIX 9.2.1.1 Teclat<\/strong> . Tota la funcionalitat del contingut es pot operar mitjan\u00e7ant una interf\u00edcie de teclat sense que es requereixi una determinada velocitat per a cada pulsaci\u00f3 individual de les tecles, excepte quan la funci\u00f3 interna requereix una entrada que dep\u00e8n del trajecte dels moviments de l&#8217;usuari i no nom\u00e9s dels punts inicial i final. <\/p>\n\n\n\n<p><strong>UNEIX 9.2.1.4 Dreceres del teclat<\/strong> . En el cas que per activar els elements d&#8217;interacci\u00f3 (enlla\u00e7os, botons, etc) s&#8217;empra dreceres de teclat usant una lletra, signe de puntuaci\u00f3, n\u00famero o s\u00edmbol aleshores s&#8217;ha de complir almenys una de les condicions seg\u00fcents: <\/p>\n\n\n\n<ul class=\"wp-block-list\">\n<li>Hi ha un mecanisme disponible per desactivar la drecera del teclat;<\/li>\n\n\n\n<li>Hi ha un mecanisme que permet reassignar la drecera del teclat per emprar al seu lloc una altra tecla no imprimible (per exemple, Ctrl, Alt, etc.);<\/li>\n\n\n\n<li>La drecera del teclat nom\u00e9s es pot activar quan el component t\u00e9 el focus del teclat<\/li>\n<\/ul>\n\n\n\n<p><strong>UNEIX 9.2.4.3 Ordre del focus<\/strong> . Si podeu navegar seq\u00fcencialment per una p\u00e0gina web i les seq\u00fc\u00e8ncies de navegaci\u00f3 afecten el significat o l&#8217;operaci\u00f3, els components que poden rebre el focus ho fan en un ordre que preserva el significat i l&#8217;operabilitat. <\/p>\n\n\n\n<p><strong>UNEIX 9.2.4.7 Focus visible<\/strong> . Qualsevol interf\u00edcie d&#8217;usuari operable per teclat t\u00e9 una manera d&#8217;operar on \u00e9s visible l&#8217;indicador del focus del teclat. <\/p>\n\n\n\n<p><strong>UNEIX 9.2.5.1 Gestos amb el punter<\/strong> . Totes les funcions que utilitzen gestos multipunt o basats en rutes per a l&#8217;operaci\u00f3 poden operar-se amb un sol punter sense un gest basat en rutes, tret que sigui essencial un gest multipunt o basat en ruta. <\/p>\n\n\n\n<p><strong>UNE 9.2.5.3 Cancel\u00b7laci\u00f3 del punter<\/strong> . Per a la funcionalitat que es pot operar usant un sol punter, almenys un dels seg\u00fcents \u00e9s veritable: <\/p>\n\n\n\n<ul class=\"wp-block-list\">\n<li><strong>Sense esdeveniment descendent<\/strong> : L&#8217;esdeveniment descendent del punter no es fa servir per executar cap part de la funci\u00f3;<\/li>\n\n\n\n<li><strong>Avortar o Desfer<\/strong> La finalitzaci\u00f3 de la funci\u00f3 \u00e9s a l&#8217;esdeveniment up, i hi ha un mecanisme disponible per avortar la funci\u00f3 abans que es completi o per desfer la funci\u00f3 despr\u00e9s que es completi;<\/li>\n\n\n\n<li><strong>Inversi\u00f3 ascendent<\/strong> L&#8217;esdeveniment ascendent inverteix qualsevol resultat de l&#8217;esdeveniment descendent anterior;<\/li>\n\n\n\n<li><strong>Essencial:<\/strong> Completar la funci\u00f3 a l&#8217;esdeveniment descendent \u00e9s essencial.<\/li>\n<\/ul>\n\n\n\n<p><strong>UNEIX 9.4.1.1 Processament<\/strong> . Al contingut implementat mitjan\u00e7ant llenguatges de marcatge, els elements tenen etiquetes d&#8217;inici i finalitzaci\u00f3 completes, els elements s&#8217;hi nien d&#8217;acord amb les especificacions, els elements no contenen atributs duplicats i qualsevol ID \u00e9s \u00fanic, excepte on les especificacions permetin aquestes caracter\u00edstiques. <\/p>\n\n\n\n<p><strong>UNEIX 9.6 Requisits de conformitat de les Pautes WCAG<\/strong> . S&#8217;han de satisfer, al nivell AA, els cinc requisits de conformitat de les Pautes WCAG 2.1 seg\u00fcents [5]: <\/p>\n\n\n\n<p>1) nivell de conformitat;<\/p>\n\n\n\n<p>2) p\u00e0gines completes;<\/p>\n\n\n\n<p>3) processos complets;<\/p>\n\n\n\n<p>4) \u00fas de tecnologies exclusivament segons m\u00e8todes que siguin compatibles amb laccessibilitat;<\/p>\n\n\n\n<p>5) sense interfer\u00e8ncia.<\/p>\n\n\n\n<p><strong>UNE 11.7 Prefer\u00e8ncies d&#8217;usuari<\/strong> . Quan el programari que no est\u00e0 dissenyat per a\u00efllar-se de la vostra plataforma proporcioni una interf\u00edcie d&#8217;usuari, aquesta interf\u00edcie d&#8217;usuari ha de seguir els valors de les prefer\u00e8ncies de l&#8217;usuari respecte a unitats de mesura, color, contrast, tipus de lletra, cos de lletra i cursor del focus de la plataforma, llevat que l&#8217;usuari els anul\u00b7li. <\/p>\n\n\n\n<p><strong>UNE 11.8.1 Tecnologia de gesti\u00f3 de continguts<\/strong> . En la mesura que la informaci\u00f3 necess\u00e0ria per a laccessibilitat sigui compatible amb el format que sutilitza per a la sortida de leina dautor. <\/p>\n\n\n\n<p><strong>UNE 11.8.2 Creaci\u00f3 de continguts accessibles<\/strong> . les eines dautor han de permetre i guiar la producci\u00f3 de continguts dacord amb els cap\u00edtols 9 (p\u00e0gines web) o 10 (per a document no web) (\u00e9s a dir, el nivell AA de les WCAG 2.1). <\/p>\n\n\n\n<p><strong>UNE 11.8.3 Preservaci\u00f3 de la informaci\u00f3 d&#8217;accessibilitat durant les transformacions<\/strong> . Si l&#8217;eina d&#8217;autor proporciona transformacions de reestructuraci\u00f3 o de recodificaci\u00f3 i si a la tecnologia de gesti\u00f3 de continguts de la sortida hi ha mecanismes equivalents, aleshores la informaci\u00f3 d&#8217;accessibilitat s&#8217;ha de preservar a la sortida. <\/p>\n\n\n\n<p><strong>UNE 11.8.4 Servei de reparaci\u00f3<\/strong> . Si la funcionalitat de verificaci\u00f3 de l&#8217;accessibilitat d&#8217;una eina d&#8217;autor pot detectar si el contingut no compleix un requisit dels cap\u00edtols 9 (Web) o 10 (Documents no web), segons escaigui, llavors l&#8217;eina d&#8217;autor ha de proporcionar-ne una ) suggeriment(s) per a la seva reparaci\u00f3. <\/p>\n\n\n\n<p><strong>UNEIX 11.8.5 Plantilles<\/strong> . Si una eina d&#8217;autor proporciona plantilles, ha d&#8217;estar disponible i identificada com a tal com a m\u00ednim una plantilla que sigui compatible amb la creaci\u00f3 de contingut d&#8217;acord amb els requisits dels cap\u00edtols 9 (Web) o 10 (Documents no web), segons escaigui. . <\/p>\n\n\n\n<p><strong>UNEIX 12.2.2 Comunicaci\u00f3 efectiva<\/strong> . Els serveis de suport han de proporcionar informaci\u00f3 sobre les caracter\u00edstiques d&#8217;accessibilitat i compatibilitat que s&#8217;inclouen a la documentaci\u00f3 del producte (com a funcions d&#8217;accessibilitat incorporades i funcions d&#8217;accessibilitat que brinden compatibilitat amb els productes de suport). <\/p>\n\n\n\n<p><strong>UNE 12.2.3 Comunicaci\u00f3 efectiva<\/strong> . Els serveis de suport per a les TIC s&#8217;han d&#8217;adaptar a les necessitats de comunicaci\u00f3 de les persones amb discapacitat, directament oa trav\u00e9s d&#8217;un punt de derivaci\u00f3. <\/p>\n\n\n\n<p><strong>UNE 12.2.4 Documentaci\u00f3 accessible<\/strong> . La documentaci\u00f3 subministrada pels serveis de suport s&#8217;ha de proporcionar en almenys un dels formats electr\u00f2nics seg\u00fcents: <\/p>\n\n\n\n<ol start=\"1\" class=\"wp-block-list\">\n<li>a) un format web que estigui conforme amb els requisits.<\/li>\n\n\n\n<li>b) un format no web que estigui conforme amb els requisits.<\/li>\n<\/ol>\n\n\n\n<ol start=\"2\" class=\"wp-block-list\">\n<li><strong>C\u00e0rrega desproporcionada<\/strong> . NO APLICA <\/li>\n<\/ol>\n\n\n\n<h1 class=\"wp-block-heading\">Preparaci\u00f3 d&#8217;aquesta declaraci\u00f3 d&#8217;accessibilitat<\/h1>\n\n\n\n<p>Aquesta declaraci\u00f3 va ser preparada el 28\/01\/2025.<br> El m\u00e8tode emprat per preparar la declaraci\u00f3 ha estat una autoavaluaci\u00f3 duta a terme per <strong>Roger Fontelles.<\/strong><br> \u00daltima revisi\u00f3 de la declaraci\u00f3: 28\/01\/2025.<\/p>\n\n\n\n<h2 class=\"wp-block-heading\">Observacions i dades de contacte<\/h2>\n\n\n\n<p>Podeu realitzar comunicacions sobre requisits d&#8217;accessibilitat (article 10.2.a) del RD 1112\/2018, com ara:<\/p>\n\n\n\n<ul class=\"wp-block-list\">\n<li>Informar sobre qualsevol possible <strong>incompliment<\/strong> per part d&#8217;aquest lloc web<\/li>\n\n\n\n<li>Transmetre altres <strong>dificultats dacc\u00e9s<\/strong> al contingut.<\/li>\n\n\n\n<li>Formular qualsevol altra <strong>consulta o suggeriment<\/strong> de millora relativa a laccessibilitat del lloc web.<\/li>\n<\/ul>\n\n\n\n<p>A trav\u00e9s del formulari de contacte d&#8217;aquest lloc web: alchemie-spain.com\/contacto.<\/p>\n\n\n\n<p>Podeu presentar:<\/p>\n\n\n\n<ul class=\"wp-block-list\">\n<li>una <strong>queixa<\/strong> relativa al compliment dels requisits del RD 1112\/2018 o<\/li>\n\n\n\n<li>una <strong>sol\u00b7licitud d&#8217;informaci\u00f3 accessible<\/strong> relativa a:\n<ul class=\"wp-block-list\">\n<li><strong>continguts<\/strong> que estan <strong>exclosos<\/strong> de <strong>l\u00e0mbit daplicaci\u00f3<\/strong> del RD 1112\/2018 segons el que estableix larticle 3, apartat 4.<\/li>\n\n\n\n<li><strong>continguts<\/strong> que estan <strong>exempts<\/strong> del <strong>compliment<\/strong> dels requisits d&#8217;accessibilitat per imposar una <strong>c\u00e0rrega desproporcionada<\/strong> .<\/li>\n<\/ul>\n<\/li>\n<\/ul>\n\n\n\n<p>A la Sol\u00b7licitud d&#8217;informaci\u00f3 accessible, cal concretar, amb tota claredat, els fets, les raons i la petici\u00f3 que permetin constatar que es tracta d&#8217;una sol\u00b7licitud raonable i leg\u00edtima.<\/p>\n\n\n\n<div style=\"height:100px\" aria-hidden=\"true\" class=\"wp-block-spacer\"><\/div>\n","protected":false},"excerpt":{"rendered":"<p>COMposici\u00f3 s&#8217;ha comprom\u00e8s a fer accessible el vostre lloc web, de conformitat amb el Reial Decret 1112\/2018, de 7 de setembre, sobre accessibilitat dels llocs web i aplicacions per a dispositius m\u00f2bils del sector p\u00fablic. Aquesta declaraci\u00f3 d&#8217;accessibilitat s&#8217;aplica al lloc web alchemie-spain.com Situaci\u00f3 de compliment Aquest lloc web \u00e9s parcialment conforme amb el RD [&hellip;]<\/p>\n","protected":false},"author":1,"featured_media":0,"parent":0,"menu_order":0,"comment_status":"closed","ping_status":"closed","template":"","meta":{"footnotes":""},"class_list":["post-134","page","type-page","status-publish","hentry"],"_links":{"self":[{"href":"https:\/\/alchemie-spain.com\/ca\/wp-json\/wp\/v2\/pages\/134","targetHints":{"allow":["GET"]}}],"collection":[{"href":"https:\/\/alchemie-spain.com\/ca\/wp-json\/wp\/v2\/pages"}],"about":[{"href":"https:\/\/alchemie-spain.com\/ca\/wp-json\/wp\/v2\/types\/page"}],"author":[{"embeddable":true,"href":"https:\/\/alchemie-spain.com\/ca\/wp-json\/wp\/v2\/users\/1"}],"replies":[{"embeddable":true,"href":"https:\/\/alchemie-spain.com\/ca\/wp-json\/wp\/v2\/comments?post=134"}],"version-history":[{"count":1,"href":"https:\/\/alchemie-spain.com\/ca\/wp-json\/wp\/v2\/pages\/134\/revisions"}],"predecessor-version":[{"id":387,"href":"https:\/\/alchemie-spain.com\/ca\/wp-json\/wp\/v2\/pages\/134\/revisions\/387"}],"wp:attachment":[{"href":"https:\/\/alchemie-spain.com\/ca\/wp-json\/wp\/v2\/media?parent=134"}],"curies":[{"name":"wp","href":"https:\/\/api.w.org\/{rel}","templated":true}]}}