{"id":132,"date":"2025-01-20T12:46:25","date_gmt":"2025-01-20T11:46:25","guid":{"rendered":"http:\/\/e486835665d5"},"modified":"2025-02-06T14:31:42","modified_gmt":"2025-02-06T13:31:42","slug":"politica-de-cookies","status":"publish","type":"page","link":"https:\/\/alchemie-spain.com\/ca\/politica-de-cookies\/","title":{"rendered":"Pol\u00edtica de cookies"},"content":{"rendered":"\n<p>Conformement al que disposa l&#8217;article 22.2 de la Llei 34\/2002, d&#8217;11 de juliol, de Serveis de la Societat de la Informaci\u00f3 i de Comer\u00e7 Electr\u00f2nic (LSSI-CE) vigent, ALCHEMIE INDUSTRIES CHEMICAL SPAIN, SL ha de complir amb l&#8217;obligaci\u00f3 d&#8217;informar sobre les galetes que utilitza i les seves finalitats.<\/p>\n\n\n\n<p>Aquest lloc web utilitza galetes i\/o tecnologies similars que emmagatzemen i recuperen informaci\u00f3 quan navegues. Les cookies permeten a una p\u00e0gina web, entre altres coses, emmagatzemar i recuperar informaci\u00f3 sobre els h\u00e0bits de navegaci\u00f3 d&#8217;un Usuari o del vostre equip i, depenent de la informaci\u00f3 que contingui i de la manera com utilitzeu el vostre equip, es poden utilitzar per recon\u00e8ixer a l&#8217;Usuari.   <\/p>\n\n\n\n<p>Les cookies s\u00f3n essencials per al funcionament d&#8217;internet, aportant innombrables avantatges en la prestaci\u00f3 de serveis interactius, facilitant a l&#8217;usuari la navegaci\u00f3 i la usabilitat de la nostra web.  <\/p>\n\n\n\n<p>L&#8217;usuari pot modificar la configuraci\u00f3 personalitzada <strong data-cky-tag=\"settings-button\">AQU\u00cd<\/strong> .  <\/p>\n\n\n\n<p>La informaci\u00f3 que us proporcionem a continuaci\u00f3 us ajudar\u00e0 a comprendre els diferents tipus de cookies:  <\/p>\n\n\n\n<table>\n<thead>\n  <tr>\n    <th colspan=\"3\">TIPUS DE COOKIES<\/th>\n  <\/tr><\/thead>\n<tbody>\n  <tr>\n    <th rowspan=\"2\">SEGONS L&#8217;ENTITAT QUE LES GESTIONEU<\/th> <td>COOKIES PR\u00d2PIES<\/td> <td>S\u00f3n \u200b\u200baquelles que s&#8217;envien a l&#8217;equip terminal de l&#8217;usuari des d&#8217;un equip o domini gestionat pel mateix editor i des del qual es presta el servei sol\u00b7licitat per l&#8217;usuari.<\/td>\n  <\/tr>\n  <tr>\n    <td>COOKIES DE TERCER<\/td> <td>S\u00f3n aquelles que s&#8217;envien a l&#8217;equip terminal de l&#8217;usuari des d&#8217;un equip o domini que no \u00e9s gestionat per l&#8217;editor, sin\u00f3 per una altra entitat que tracta les dades obtingudes a trav\u00e9s de les cookies<\/td>\n  <\/tr>\n  <tr>\n    <th rowspan=\"2\">SEGONS EL TERMINI DE TEMPS QUE ROMANDEN ACTIVADES<\/th> <td>COOKIES DE SESSI\u00d3<\/td>\n    <td>S\u00f3n aquelles dissenyades per demanar i emmagatzemar dades mentre l&#8217;usuari accedeix a una p\u00e0gina web. Se solen emprar per emmagatzemar informaci\u00f3 que nom\u00e9s interessa conservar per a la prestaci\u00f3 del servei sol\u00b7licitat per l&#8217;usuari en una sola ocasi\u00f3 (per exemple, una llista de productes adquirits) i desapareixen en acabar la sessi\u00f3. <\/td>\n  <\/tr>\n  <tr>\n    <td>COOKIES PERSISTENTS<\/td> <td>S\u00f3n \u200b\u200baquelles en qu\u00e8 les dades segueixen emmagatzemades al terminal i poden ser accedides i tractades durant un per\u00edode definit pel responsable de la galeta, i que pot anar d&#8217;uns minuts a diversos anys.<\/td>\n  <\/tr>\n  <tr>\n    <th rowspan=\"5\">SEGONS LA SEVA FINALITAT<\/th> <td>COOKIES T\u00c8CNIQUES<\/td> <td>S\u00f3n \u200b\u200baquelles que permeten a l&#8217;usuari la navegaci\u00f3 a trav\u00e9s d&#8217;una p\u00e0gina web, plataforma o aplicaci\u00f3 i la utilitzaci\u00f3 de les diferents opcions o serveis que hi hagi<\/td>\n  <\/tr>\n  <tr>\n    <td>COOKIES DE PERSONALITZACI\u00d3<\/td> <td>Permeten aplicar caracter\u00edstiques pr\u00f2pies per a la navegaci\u00f3 de l&#8217;usuari pel web (Ex. idioma).<\/td>\n  <\/tr>\n  <tr>\n    <td>COOKIES D&#8217;AN\u00c0LISI<\/td>\n    <td>S\u00f3n aquelles que permeten al responsable d&#8217;aquestes el seguiment i l&#8217;an\u00e0lisi del comportament dels usuaris dels llocs web als quals estan vinculades, inclosa la quantificaci\u00f3 dels impactes dels anuncis. La informaci\u00f3 recollida mitjan\u00e7ant aquest tipus de galetes s&#8217;utilitza en el mesurament de l&#8217;activitat dels llocs web, aplicaci\u00f3 o plataforma, per introduir millores en funci\u00f3 de l&#8217;an\u00e0lisi de les dades d&#8217;\u00fas que fan els usuaris <\/td>\n  <\/tr>\n  <tr>\n    <td>COOKIES PUBLICIT\u00c0RIES<\/td> <td>Permeten a l&#8217;editor incloure a la p\u00e0gina web espais publicitaris, segons el contingut de la pr\u00f2pia web.<\/td>\n  <\/tr>\n  <tr>\n    <td>COOKIES DE PUBLICITAT COMPORTAMENTAL<\/td> <td>S\u00f3n aquelles que emmagatzemen informaci\u00f3 del comportament dels usuaris obtinguda a trav\u00e9s de l&#8217;observaci\u00f3 continuada dels seus h\u00e0bits de navegaci\u00f3, cosa que permet desenvolupar un perfil espec\u00edfic per mostrar publicitat en funci\u00f3 del mateix.<\/td>\n  <\/tr>\n<\/tbody><\/table>\n\n\n\n<p>Addicionalment, ALCHEMIE INDUSTRIES CHEMICAL SPAIN, SL informa de manera m\u00e9s detallada de les cookies que utilitza els seus titulars, l&#8217;\u00fas o finalitat concreta, els terminis de conservaci\u00f3, aix\u00ed com de les possibles Transfer\u00e8ncies Internacionals de dades de cadascuna d&#8217;elles utilitzades a la nostra p\u00e0gina web:<\/p>\n\n\n\n<p><strong>Cookies pr\u00f2pies<\/strong><\/p>\n\n\n\n<figure class=\"wp-block-table\"><table class=\"has-fixed-layout\"><thead><tr><th>Tipus<\/th><th>Titular<\/th><th>Cookie<\/th><th>Finalitat<\/th><th>Conservaci\u00f3<\/th><\/tr><\/thead><tbody><tr><td><strong>T\u00e8cnica<\/strong><\/td><td><img decoding=\"async\" width=\"1\" height=\"2\" src=\"file:\/\/\/\/Users\/rogerfontelles\/Library\/Group%20Containers\/UBF8T346G9.Office\/TemporaryItems\/msohtmlclip\/clip_image001.jpg\">alchemie-spain.com<br><\/td><td>elementor<\/td><td>El tema de WordPress del lloc web estableix aquesta galeta. Permet al propietari del lloc web implementar o canviar el contingut del lloc web a temps real. <\/td><td>No caduca<\/td><\/tr><tr><td><strong>T\u00e8cnica<\/strong><\/td><td><img decoding=\"async\" width=\"1\" height=\"2\" src=\"file:\/\/\/\/Users\/rogerfontelles\/Library\/Group%20Containers\/UBF8T346G9.Office\/TemporaryItems\/msohtmlclip\/clip_image001.jpg\">alchemie-spain.com<\/td><td>wpEmojiSettingsSupports<br><\/td><td>WordPress sets this cookie when a user interacts with emojis on a WordPress site determini if \u200b\u200bthe user&#8217;s browser can display emojis properly. <\/td><td>sessi\u00f3<\/td><\/tr><tr><td><strong>T\u00e8cnica<\/strong><\/td><td><img decoding=\"async\" width=\"1\" height=\"2\" src=\"file:\/\/\/\/Users\/rogerfontelles\/Library\/Group%20Containers\/UBF8T346G9.Office\/TemporaryItems\/msohtmlclip\/clip_image001.jpg\">alchemie-spain.com<\/td><td>cookieyes-consent<br><\/td><td>CookieYes estableix aquesta galeta per recordar les prefer\u00e8ncies de consentiment dels usuaris, de manera que es respectin les seves prefer\u00e8ncies en les visites seg\u00fcents a aquest lloc. No recull ni emmagatzema cap informaci\u00f3 personal sobre els visitants del lloc. <\/td><td>1 any<\/td><\/tr><tr><td><strong>Anal\u00edtiques<\/strong><\/td><td><img decoding=\"async\" width=\"1\" height=\"2\" src=\"file:\/\/\/\/Users\/rogerfontelles\/Library\/Group%20Containers\/UBF8T346G9.Office\/TemporaryItems\/msohtmlclip\/clip_image001.jpg\">alchemie-spain.com<\/td><td>_ga_*<br><\/td><td>Google Analytics sets this cookie to store and count page views.<\/td><td>1 any 1 mes 4 dies<\/td><\/tr><tr><td><strong>Anal\u00edtiques<\/strong><\/td><td><img decoding=\"async\" width=\"1\" height=\"2\" src=\"file:\/\/\/\/Users\/rogerfontelles\/Library\/Group%20Containers\/UBF8T346G9.Office\/TemporaryItems\/msohtmlclip\/clip_image001.jpg\">alchemie-spain.com<\/td><td>_ga<br><\/td><td>Google Analytics estableix aquesta galeta per calcular les dades dels visitants, de les sessions i de les campanyes i per fer un seguiment de l&#8217;\u00fas del lloc per a l&#8217;informe d&#8217;an\u00e0lisi del lloc. La galeta emmagatzema la informaci\u00f3 de forma an\u00f2nima i assigna un n\u00famero generat aleat\u00f2riament per recon\u00e8ixer els visitants \u00fanics. <\/td><td>1 any 1 mes 4 dies<\/td><\/tr><\/tbody><\/table><\/figure>\n\n\n\n<p><strong>Galetes de tercers<\/strong><\/p>\n\n\n\n<figure class=\"wp-block-table\"><table class=\"has-fixed-layout\"><thead><tr><th>Tipus<\/th><th>Titular<\/th><th>Cookie<\/th><th>Finalitat<\/th><th>Conservaci\u00f3<\/th><\/tr><\/thead><tbody><tr><td><strong>T\u00e8cniques<\/strong><\/td><td>google.com<br><\/td><td>rc::a<br><\/td><td>Aquesta galeta \u00e9s set per Google recapta service per identificar bots per protegir el lloc web per a malicious spam attacks.<\/td><td>Mai caduca<br><\/td><\/tr><\/tbody><\/table><\/figure>\n\n\n\n<p><\/p>\n\n\n\n<p>Podeu informar-vos de les transfer\u00e8ncies internacionals a tercers pa\u00efsos que, si escau, realitzen els TERCERS, identificats en aquesta pol\u00edtica de cookies, en les seves pol\u00edtiques corresponents (fer clic sobre el titular de la galeta).  <\/p>\n\n\n\n<p>ALCHEMIE INDUSTRIES CHEMICAL SPAIN, SL informa de manera m\u00e9s exhaustiva la informaci\u00f3 relativa a les transfer\u00e8ncies internacionals derivades de la utilitzaci\u00f3 de cookies pr\u00f2pies:<\/p>\n\n\n\n<p><\/p>\n\n\n\n<table><thead>\n  <tr>\n    <th colspan=\"4\">TRANSFER\u00c8NCIES INTERNACIONALS<\/th>\n  <\/tr>\n  <tr>\n    <th>TITULAR<\/th> <th>COOKIE<\/th> <th>PA\u00cdS DE TRANSFER\u00c8NCIA<\/th> <th>R\u00c8GIM APLICAT<\/th>\n  <\/tr>\n<\/thead>\n<tbody>\n\n  <tr>\n    <td><\/td>\n    <td><\/td>\n    <td><\/td>\n    <td><\/td>\n  <\/tr>\n  <tr>\n    <td><\/td>\n    <td><\/td>\n    <td><\/td>\n    <td><\/td>\n  <\/tr>\n  <tr>\n    <td><\/td>\n    <td><\/td>\n    <td><\/td>\n    <td><\/td>\n  <\/tr>\n  <tr>\n    <td><\/td>\n    <td><\/td>\n    <td><\/td>\n    <td><\/td>\n  <\/tr>\n<\/tbody>\n<\/table>\n\n\n\n<p>Tingueu en compte que, si accepteu les galetes de tercers, les heu d&#8217;eliminar des de les opcions del navegador o des del sistema ofert pel mateix tercer.<\/p>\n\n\n\n<p>A continuaci\u00f3, us proporcionem els enlla\u00e7os de diversos navegadors, a trav\u00e9s dels quals podreu modificar la configuraci\u00f3 del vostre navegador sobre l&#8217;\u00fas de cookies:  <\/p>\n\n\n\n<p><strong>Firefox:<\/strong> <a href=\"https:\/\/support.mozilla.org\/es\/kb\/cookies-informacion-que-los-sitios-web-guardan-en\" target=\"_blank\" rel=\"noopener\">https:\/\/support.mozilla.org\/es\/kb\/cookies-informacion-que-los-sitios-web-guardan-en<\/a><\/p>\n\n\n\n<p><strong>Chrome<\/strong> : <a href=\"http:\/\/support.google.com\/chrome\/bin\/answer.py?hl=es&amp;answer=95647%C2%A0\" target=\"_blank\" rel=\"noopener\">http:\/\/support.google.com\/chrome\/bin\/answer.py?hl=ca&amp;answer=95647<\/a> <\/p>\n\n\n\n<p><strong>Internet Explorer:<\/strong> <a href=\"http:\/\/windows.microsoft.com\/es-es\/internet-explorer\/delete-manage%20cookies#ie=ie-10\" target=\"_blank\" rel=\"noopener\">http:\/\/windows.microsoft.com\/es-es\/internet-explorer\/delete-manage cookies#ie=ie-10<\/a> <\/p>\n\n\n\n<p><strong>Microsoft Edge:<\/strong> <a href=\"https:\/\/support.microsoft.com\/es-es\/microsoft-edge\/eliminar-las-cookies-en%20microsoft-edge-63947406-40ac-c3b8-57b9-2a946a29ae09\" target=\"_blank\" rel=\"noopener\">https:\/\/support.microsoft.com\/es-es\/microsoft-edge\/eliminar-las-cookies-en microsoft-edge-63947406-40ac-c3b8-57b9-2a946a29ae09<\/a> <\/p>\n\n\n\n<p><strong>Safari:<\/strong> <a href=\"https:\/\/support.apple.com\/kb\/ph17191?locale=es_ES\" target=\"_blank\" rel=\"noopener\">https:\/\/support.apple.com\/kb\/ph17191?locale=ca_ES<\/a> <\/p>\n\n\n\n<p><strong>Opera:<\/strong> <a href=\"https:\/\/help.opera.com\/en\/latest\/web-preferences\/#cookies\" target=\"_blank\" rel=\"noopener\">https:\/\/help.opera.com\/en\/latest\/web-preferences\/#cookies<\/a> <\/p>\n\n\n\n<p>Per con\u00e8ixer m\u00e9s informaci\u00f3 sobre el tractament de dades personals, us recomanem visitar el nostre apartat \u201c <em><a href=\"http:\/\/www.agoodchemicals.com\/politica-privacidad\/\" data-type=\"page\" data-id=\"762\" target=\"_blank\" rel=\"noopener\">Pol\u00edtica de Privadesa<\/a><\/em> \u201d.  <\/p>\n\n\n\n<p><strong>Darrera actualitzaci\u00f3<\/strong> : 28 de gener de 2025<\/p>\n\n\n\n<p><\/p>\n","protected":false},"excerpt":{"rendered":"<p>Conformement al que disposa l&#8217;article 22.2 de la Llei 34\/2002, d&#8217;11 de juliol, de Serveis de la Societat de la Informaci\u00f3 i de Comer\u00e7 Electr\u00f2nic (LSSI-CE) vigent, ALCHEMIE INDUSTRIES CHEMICAL SPAIN, SL ha de complir amb l&#8217;obligaci\u00f3 d&#8217;informar sobre les galetes que utilitza i les seves finalitats. Aquest lloc web utilitza galetes i\/o tecnologies similars [&hellip;]<\/p>\n","protected":false},"author":1,"featured_media":0,"parent":0,"menu_order":0,"comment_status":"closed","ping_status":"closed","template":"","meta":{"footnotes":""},"class_list":["post-132","page","type-page","status-publish","hentry"],"_links":{"self":[{"href":"https:\/\/alchemie-spain.com\/ca\/wp-json\/wp\/v2\/pages\/132","targetHints":{"allow":["GET"]}}],"collection":[{"href":"https:\/\/alchemie-spain.com\/ca\/wp-json\/wp\/v2\/pages"}],"about":[{"href":"https:\/\/alchemie-spain.com\/ca\/wp-json\/wp\/v2\/types\/page"}],"author":[{"embeddable":true,"href":"https:\/\/alchemie-spain.com\/ca\/wp-json\/wp\/v2\/users\/1"}],"replies":[{"embeddable":true,"href":"https:\/\/alchemie-spain.com\/ca\/wp-json\/wp\/v2\/comments?post=132"}],"version-history":[{"count":3,"href":"https:\/\/alchemie-spain.com\/ca\/wp-json\/wp\/v2\/pages\/132\/revisions"}],"predecessor-version":[{"id":409,"href":"https:\/\/alchemie-spain.com\/ca\/wp-json\/wp\/v2\/pages\/132\/revisions\/409"}],"wp:attachment":[{"href":"https:\/\/alchemie-spain.com\/ca\/wp-json\/wp\/v2\/media?parent=132"}],"curies":[{"name":"wp","href":"https:\/\/api.w.org\/{rel}","templated":true}]}}