{"id":130,"date":"2025-01-20T12:46:25","date_gmt":"2025-01-20T11:46:25","guid":{"rendered":"http:\/\/e486835665d5"},"modified":"2025-02-06T14:33:26","modified_gmt":"2025-02-06T13:33:26","slug":"politica-de-privadesa","status":"publish","type":"page","link":"https:\/\/alchemie-spain.com\/ca\/politica-de-privadesa\/","title":{"rendered":"Pol\u00edtica de privadesa"},"content":{"rendered":"\n<p><\/p>\n\n\n\n<p><strong>POL\u00cdTICA DE PRIVACITAT D&#8217;alchemie-spain.com<\/strong><\/p>\n\n\n\n<p><strong>Dades del propietari de la web<\/strong> :<\/p>\n\n\n\n<figure class=\"wp-block-table\"><table class=\"has-fixed-layout\"><tbody><tr><td>RA\u00d3 SOCIAL<\/td><td>ALCHEMIE INDUSTRIES CHEMICAL SPAIN, SL<\/td><\/tr><tr><td>NIF<\/td><td>B61784658<span style=\"font-size: medium; white-space-collapse: collapse;\"><\/span><\/td><\/tr><tr><td>DOMINI<\/td><td><img decoding=\"async\" width=\"1\" height=\"2\" src=\"file:\/\/\/\/Users\/rogerfontelles\/Library\/Group%20Containers\/UBF8T346G9.Office\/TemporaryItems\/msohtmlclip\/clip_image001.jpg\">alchemie-spain.com<\/td><\/tr><tr><td>ADRE\u00c7A POSTAL<\/td><td><img decoding=\"async\" width=\"1\" height=\"2\" src=\"file:\/\/\/\/Users\/rogerfontelles\/Library\/Group%20Containers\/UBF8T346G9.Office\/TemporaryItems\/msohtmlclip\/clip_image001.jpg\">C\/ ATLANTIDA 21 1a 3a, 08930 SANT ADRI\u00c0 DE BES\u00d3S (BARCELONA)<\/td><\/tr><tr><td>DIRECCI\u00d3 ELECTR\u00d2NICA<\/td><td><a href=\"mailto:CALIDAD@BILTREC.COM\">QUALITAT@BILTREC.COM<\/a> <\/td><\/tr><tr><td>TEL\u00c8FONS<\/td><td><img decoding=\"async\" width=\"1\" height=\"2\" src=\"file:\/\/\/\/Users\/rogerfontelles\/Library\/Group%20Containers\/UBF8T346G9.Office\/TemporaryItems\/msohtmlclip\/clip_image001.jpg\">934622910<\/td><\/tr><tr><td>REGISTRE\/ DADES ADDICIONALS  <\/td><td>Tom: 6172<br> Foli: 38<br> Full: 73060<\/td><\/tr><\/tbody><\/table><\/figure>\n\n\n\n<p><strong>Protecci\u00f3 de dades<\/strong><\/p>\n\n\n\n<p>De conformitat amb la normativa vigent i aplicable en protecci\u00f3 de dades de car\u00e0cter personal, us informem que les vostres dades seran incorporades al sistema de tractament titularitat d&#8217;ALCHEMIE INDUSTRIES CHEMICAL SPAIN, SL amb NIF B65359507 i domicili social situat al c\/ ATLANTIDA 21 1\u00aa2\u00aa, 08930 SANT ADRI\u00c0 DE BES\u00d3S(BARCELONA). A continuaci\u00f3, es facilita la informaci\u00f3 dels tractaments realitzats:<\/p>\n\n\n\n<p><\/p>\n\n\n\n<figure class=\"wp-block-table\"><table class=\"has-fixed-layout\"><tbody><tr><td><strong>TRACTAMENTS REALITZATS<\/strong><\/td><td><\/td><\/tr><tr><td>Newsletter<\/td><td><strong>Finalitat:<\/strong> Gesti\u00f3 de la subscripci\u00f3 a la newsletter, per fer els enviaments corresponents.<br> <strong>Termini de conservaci\u00f3:<\/strong> mentre es mantingui el consentiment prestat.<br> <strong>Base leg\u00edtima:<\/strong> El consentiment de linteressat.<br> <strong>Tipologia de Dades:<\/strong><br> <strong>Dades b\u00e0siques:<\/strong> Nom i cognoms, Adre\u00e7a electr\u00f2nica  <\/td><\/tr><tr><td>Accions comercials formulari web  <\/td><td><img decoding=\"async\" width=\"1\" height=\"2\" src=\"file:\/\/\/\/Users\/rogerfontelles\/Library\/Group%20Containers\/UBF8T346G9.Office\/TemporaryItems\/msohtmlclip\/clip_image001.jpg\"><strong>Finalitat:<\/strong> Captaci\u00f3, registre i tractament de dades amb finalitats d&#8217;atendre les vostres consultes i\/o sol\u00b7licituds, aix\u00ed com de publicitat i prospecci\u00f3 comercial.<br> <strong>Termini de conservaci\u00f3:<\/strong> mentre es mantingui el consentiment prestat, excepte obligaci\u00f3 legal.<br> <strong>Base leg\u00edtima:<\/strong> El consentiment de linteressat.<br> <strong>Tipologia de Dades:<\/strong><br> <strong>Dades b\u00e0siques:<\/strong> Nom i cognoms, Adre\u00e7a electr\u00f2nica  <\/td><\/tr><tr><td><img decoding=\"async\" width=\"1\" height=\"2\" src=\"file:\/\/\/\/Users\/rogerfontelles\/Library\/Group%20Containers\/UBF8T346G9.Office\/TemporaryItems\/msohtmlclip\/clip_image001.jpg\">Gesti\u00f3 usuaris web<\/td><td><strong>Finalitat:<\/strong> Captaci\u00f3, registre i tractament de dades de lusuari.<br> <strong>Termini de conservaci\u00f3:<\/strong> mentre es mantingui el consentiment prestat, excepte obligaci\u00f3 legal.<br> <strong>Base leg\u00edtima:<\/strong> El consentiment de linteressat.<br> <strong>Tipologia de Dades:<\/strong><br> <strong>Dades b\u00e0siques:<\/strong> Nom i cognoms, Adre\u00e7a electr\u00f2nica  <\/td><\/tr><tr><td><img decoding=\"async\" width=\"1\" height=\"2\" src=\"file:\/\/\/\/Users\/rogerfontelles\/Library\/Group%20Containers\/UBF8T346G9.Office\/TemporaryItems\/msohtmlclip\/clip_image001.jpg\">Instal\u00b7laci\u00f3 de cookies<\/td><td><strong>Finalitat:<\/strong> Gesti\u00f3 i instal\u00b7laci\u00f3 de les cookies.<br> <strong>Termini de conservaci\u00f3:<\/strong> mentre es mantingui el consentiment prestat.<br> <strong>Base leg\u00edtima:<\/strong> El consentiment de linteressat.<br> <strong>Tipologia de Dades:<\/strong><br> <strong>Dades b\u00e0siques: Adre\u00e7a<\/strong> electr\u00f2nica, Adre\u00e7a IP  <\/td><\/tr><tr><td>Usuaris web<\/td><td><strong>Finalitat:<\/strong> Atendre les vostres consultes i\/o sol\u00b7licituds i Instal\u00b7laci\u00f3 de cookies.<br> <strong>Termini de conservaci\u00f3:<\/strong> mentre es mantingui el consentiment prestat.<br> <strong>Base leg\u00edtima:<\/strong> El consentiment de linteressat.<br> <strong>Tipologia de Dades:<\/strong><br> <strong>Dades b\u00e0siques:<\/strong> Nom i cognoms, Adre\u00e7a electr\u00f2nica, Adre\u00e7a IP  <\/td><\/tr><\/tbody><\/table><\/figure>\n\n\n\n<p><strong>Drets dels interessats<\/strong><\/p>\n\n\n\n<p>ALCHEMIE INDUSTRIES CHEMICAL SPAIN, SL informa als Usuaris que, podr\u00e0 exercir els drets d&#8217;acc\u00e9s, rectificaci\u00f3, limitaci\u00f3, supressi\u00f3, portabilitat, oposici\u00f3 al tractament de les dades de car\u00e0cter personal i el dret a no ser objecte de decisions automatitzades, inclosa l&#8217;elaboraci\u00f3 de perfils , davant del Responsable del Tractament, aix\u00ed com a la retirada del consentiment prestat.<\/p>\n\n\n\n<div class=\"wp-block-group is-layout-constrained wp-block-group-is-layout-constrained\">\n<p><strong>Dret d&#8217;acc\u00e9s:<\/strong> \u00c9s el dret de l&#8217;usuari a obtenir confirmaci\u00f3 sobre si s&#8217;estan tractant les vostres dades i, en aquest cas, les dades personals tractades concretes i la informaci\u00f3 legal del tractament (finalitats, base legitimadora, terminis de conservaci\u00f3, cessions, origen de les dades, etc.).  <\/p>\n\n\n\n<p><strong>Dret de Rectificaci\u00f3:<\/strong> \u00c9s el dret de l&#8217;afectat que es modifiquin les dades que resultin ser inexactes o incompletes. Pel que fa a la p\u00e0gina web, nom\u00e9s es podr\u00e0 satisfer en relaci\u00f3 amb aquella informaci\u00f3 que estigui sota el control del lloc web, per exemple, eliminar comentaris publicats a la pr\u00f2pia p\u00e0gina, imatges o continguts web on constin dades de car\u00e0cter personal de l&#8217;usuari.  <\/p>\n\n\n\n<p><strong>Dret a la Limitaci\u00f3 de tractament:<\/strong> \u00c9s el dret que es limitin les finalitats del tractament previstes de forma original pel responsable del tractament en determinats sup\u00f2sits.  <\/p>\n\n\n\n<p><strong>Dret de Supressi\u00f3:<\/strong> \u00c9s el dret a suprimir les dades de car\u00e0cter personal de l&#8217;usuari, a excepci\u00f3 del que preveu el mateix RGPD (llibertat d&#8217;expressi\u00f3 i informaci\u00f3, obligacions de conservaci\u00f3, formulaci\u00f3, exercici o defensa de reclamacions, etc.).  <\/p>\n\n\n\n<p><strong>Dret a la Portabilitat:<\/strong> El dret a rebre les dades personals que l&#8217;usuari hagi facilitat, en un format estructurat, d&#8217;\u00fas com\u00fa i lectura mec\u00e0nica, ia transmetre&#8217;ls a un altre responsable quan el tractament est\u00e0 basat en el consentiment o l&#8217;execuci\u00f3 d&#8217;un contracte i s&#8217;efectu\u00ef per mitjans automatitzats.  <\/p>\n\n\n\n<p><strong>Dret d&#8217;oposici\u00f3:<\/strong> \u00c9s el dret de l&#8217;usuari que no es dugui a terme el tractament de les vostres dades de car\u00e0cter personal o se&#8217;n cessi el tractament per part del lloc web quan el tractament estigui basat en l&#8217;inter\u00e8s leg\u00edtim o l&#8217;inter\u00e8s p\u00fablic o quan es tracti de tractaments de m\u00e0rqueting directe.  <\/p>\n\n\n\n<p><strong>Dret a no ser objecte de decisions automatitzades, inclosa l&#8217;elaboraci\u00f3 de perfils:<\/strong> Quan el tractament no \u00e9s necessari per a la celebraci\u00f3 o execuci\u00f3 d&#8217;un contracte, ni est\u00e0 autoritzada pel Dret de la Uni\u00f3 Europea o dels Estats membres ni es basa en el consentiment, t\u00e9 dret a no ser objecte d&#8217;una decisi\u00f3 basada \u00fanicament en el tractament automatitzat, inclosa l&#8217;elaboraci\u00f3 de perfils, que produeixi efectes jur\u00eddics o l&#8217;afecti significativament de manera semblant.  <\/p>\n<\/div>\n\n\n\n<p><strong>Dret a retirar el consentiment:<\/strong> Per a qualsevol tractament basat en el vostre consentiment, teniu dret a retirar-lo, en qualsevol moment i de manera gratu\u00efta.  <\/p>\n\n\n\n<p>Per exercir qualsevol dels drets en mat\u00e8ria de protecci\u00f3 de dades descrites anteriorment haur\u00e0 de seguir les indicacions seg\u00fcents:  <\/p>\n\n\n\n<ul class=\"wp-block-list\">\n<li>Presentaci\u00f3 d&#8217;un escrit a l&#8217;adre\u00e7a C\/ ATLANTIDA 21 1a 3a, 08930 SANT ADRI\u00c0 DE BES\u00d3S (BARCELONA) (a l&#8217;atenci\u00f3 d&#8217;ALCHEMIE INDUSTRIES CHEMICAL SPAIN, SL) o b\u00e9 per correu electr\u00f2nic per correu electr\u00f2nic a <a href=\"mailto:CALIDAD@BILTREC.COM\">CALIDAD@BILTREC.COM<\/a> .<\/li>\n<\/ul>\n\n\n\n<ul class=\"wp-block-list\">\n<li>L&#8217;escrit rem\u00e8s pel titular de les dades personals (interessat\/ada) que sol\u00b7licite l&#8217;exercici de drets haur\u00e0 de tenir en compte el seg\u00fcent:  \n<ul class=\"wp-block-list\">\n<li>S&#8217;haur\u00e0 d&#8217;identificar fefaentment i, en cas que concorrin dubtes sobre la identitat del sol\u00b7licitant, se us sol\u00b7licitar\u00e0 que solucioni la petici\u00f3 (p. ex. sol\u00b7licitant m\u00e9s informaci\u00f3, com el n\u00famero de DNI, el document del DNI, el correu electr\u00f2nic que va aportar , etc.)  <\/li>\n\n\n\n<li>La sol\u00b7licitud la pot fer el representant, legal o voluntari, quan aquest estigui degudament identificat i autoritzat pel titular de les dades (mitjan\u00e7ant una autoritzaci\u00f3 expressa del titular per exercir els drets personal\u00edssims regulats a la normativa en mat\u00e8ria de protecci\u00f3 de dades personals).  <\/li>\n\n\n\n<li>Petici\u00f3 en qu\u00e8 es concreta la sol\u00b7licitud (Dret\/es que es pretenen exercir). Si no feu refer\u00e8ncia a un tractament concret se us facilitar\u00e0 resposta en relaci\u00f3 a tots els tractaments que afecten les vostres dades de car\u00e0cter personal. Si sol\u00b7liciteu informaci\u00f3 d&#8217;un tractament en concret, nom\u00e9s la informaci\u00f3 d&#8217;aquest. Si ho demaneu per tel\u00e8fon se us indicar\u00e0 que ho feu per escrit i se us informar\u00e0 de com ho podeu fer i l&#8217;adre\u00e7a a la qual heu d&#8217;enviar-ho. Mai no se us donar\u00e0 informaci\u00f3 per tel\u00e8fon.  <\/li>\n\n\n\n<li>Adre\u00e7a postal o electr\u00f2nica a efectes de notificacions.  <\/li>\n\n\n\n<li>Documents acreditatius de la petici\u00f3 que formula, en cas que siguin necessaris.  <\/li>\n\n\n\n<li>La persona sol\u00b7licitant ha d&#8217;utilitzar qualsevol mitj\u00e0 que permeti acreditar l&#8217;enviament i la recepci\u00f3 de la sol\u00b7licitud.  <\/li>\n\n\n\n<li>Finalment, us informem que teniu dret a presentar una reclamaci\u00f3 davant l&#8217;Ag\u00e8ncia Espanyola de Protecci\u00f3 de Dades en cas que en tingueu coneixement o considereu que un fet pugui suposar un incompliment de la normativa aplicable en mat\u00e8ria de protecci\u00f3 de dades.  <\/li>\n<\/ul>\n<\/li>\n<\/ul>\n\n\n\n<p><\/p>\n\n\n\n<p>Finalment, us informem que teniu dret a presentar una reclamaci\u00f3 davant l&#8217;Ag\u00e8ncia Espanyola de Protecci\u00f3 de Dades en cas que en tingueu coneixement o considereu que un fet pugui suposar un incompliment de la normativa aplicable en mat\u00e8ria de protecci\u00f3 de dades.  <\/p>\n\n\n\n<p>ALCHEMIE INDUSTRIES CHEMICAL SPAIN, SL es compromet a adoptar les mesures t\u00e8cniques i organitzatives necess\u00e0ries, d&#8217;acord amb el nivell de riscos que acompanyen els tractaments realitzats per aquestes i indicats en aquest mateix apartat, de manera que en garanteixin la integritat, confidencialitat i disponibilitat.<\/p>\n\n\n\n<p><strong>Darrera actualitzaci\u00f3:<\/strong> 28 de gener de 2025<\/p>\n\n\n\n<div style=\"height:100px\" aria-hidden=\"true\" class=\"wp-block-spacer\"><\/div>\n\n\n\n<p><\/p>\n","protected":false},"excerpt":{"rendered":"<p>POL\u00cdTICA DE PRIVACITAT D&#8217;alchemie-spain.com Dades del propietari de la web : RA\u00d3 SOCIAL ALCHEMIE INDUSTRIES CHEMICAL SPAIN, SL NIF B61784658 DOMINI alchemie-spain.com ADRE\u00c7A POSTAL C\/ ATLANTIDA 21 1a 3a, 08930 SANT ADRI\u00c0 DE BES\u00d3S (BARCELONA) DIRECCI\u00d3 ELECTR\u00d2NICA QUALITAT@BILTREC.COM TEL\u00c8FONS 934622910 REGISTRE\/ DADES ADDICIONALS Tom: 6172 Foli: 38 Full: 73060 Protecci\u00f3 de dades De conformitat amb [&hellip;]<\/p>\n","protected":false},"author":1,"featured_media":0,"parent":0,"menu_order":0,"comment_status":"closed","ping_status":"closed","template":"","meta":{"footnotes":""},"class_list":["post-130","page","type-page","status-publish","hentry"],"_links":{"self":[{"href":"https:\/\/alchemie-spain.com\/ca\/wp-json\/wp\/v2\/pages\/130","targetHints":{"allow":["GET"]}}],"collection":[{"href":"https:\/\/alchemie-spain.com\/ca\/wp-json\/wp\/v2\/pages"}],"about":[{"href":"https:\/\/alchemie-spain.com\/ca\/wp-json\/wp\/v2\/types\/page"}],"author":[{"embeddable":true,"href":"https:\/\/alchemie-spain.com\/ca\/wp-json\/wp\/v2\/users\/1"}],"replies":[{"embeddable":true,"href":"https:\/\/alchemie-spain.com\/ca\/wp-json\/wp\/v2\/comments?post=130"}],"version-history":[{"count":3,"href":"https:\/\/alchemie-spain.com\/ca\/wp-json\/wp\/v2\/pages\/130\/revisions"}],"predecessor-version":[{"id":491,"href":"https:\/\/alchemie-spain.com\/ca\/wp-json\/wp\/v2\/pages\/130\/revisions\/491"}],"wp:attachment":[{"href":"https:\/\/alchemie-spain.com\/ca\/wp-json\/wp\/v2\/media?parent=130"}],"curies":[{"name":"wp","href":"https:\/\/api.w.org\/{rel}","templated":true}]}}